{"id":2277,"date":"2024-02-20T10:41:15","date_gmt":"2024-02-20T09:41:15","guid":{"rendered":"https:\/\/restaurantbouillon.dk\/?page_id=2277"},"modified":"2026-04-13T10:05:21","modified_gmt":"2026-04-13T08:05:21","slug":"home","status":"publish","type":"page","link":"https:\/\/restaurantbouillon.dk\/en\/","title":{"rendered":"Home"},"content":{"rendered":"<div class=\"brz brz-root__container brz-reset-all brz-root__container-page\" >\n<section id=\"tvaRlszJrpAO_tvaRlszJrpAO\" class=\"brz-section brz-css-8f9q4k brz-css-1bls49a\">\n<div class=\"brz-section__content brz-section--boxed brz-css-j70cr6 brz-css-9rwg9c\" data-brz-custom-id=\"g0zCsqmnoxTG\">\n<div class=\"brz-bg\">\n<div class=\"brz-bg-color\"><\/div>\n<\/div>\n<div class=\"brz-container brz-css-1v53tmq brz-css-1t8abyv\">\n<div class=\"brz-row__container brz-css-i4yivn brz-css-18hyiw2\" data-brz-custom-id=\"a81Ulg0XnMEA\">\n<div class=\"brz-row brz-css-1qru9qv brz-css-qfdtnq brz-css-lcs078\">\n<div class=\"brz-columns brz-css-11wxxd4 brz-css-leqtl5\" data-brz-custom-id=\"jSbD_A_M1Uo7\">\n<div class=\"brz-column__items brz-css-ieeisi brz-css-38duw8\">\n<div id=\"\" class=\"brz-css-qinhh6 brz-css-jur89w brz-wrapper\">\n<div class=\"brz-rich-text brz-rich-text__custom brz-css-7eix92 brz-css-1cqbkx7\" data-brz-custom-id=\"pwmXhXLDYv1r\">\n<div data-brz-translate-text=\"1\">\n<h1 class=\"brz-fs-xs-80 brz-tp-xs-empty brz-lh-xs-1_3 brz-ls-xs-m_0_4 brz-fw-xs-400 brz-fss-xs-px brz-fs-lg-88 brz-ft-upload brz-ff-vbmetbkyrsxhkodzyyxqhcaqbesspbbcfctw brz-tp-lg-empty brz-lh-lg-1_3 brz-ls-lg-m_0_4 brz-fw-lg-400 brz-fss-lg-px brz-css-ysqEk\" data-generated-css=\"brz-css-v2uWa\" data-uniq-id=\"nwL1D\"><em class=\"brz-cp-color3\" style=\"text-shadow: rgba(102, 102, 102, 0) 0px 0px 0px; opacity: 1;\">Bienvenue<\/em><\/h1>\n<\/div>\n<\/div>\n<\/div>\n<div id=\"\" class=\"brz-css-qinhh6 brz-css-y00ljn brz-wrapper\">\n<div class=\"brz-rich-text brz-rich-text__custom brz-css-7eix92 brz-css-1xqo08q\" data-brz-custom-id=\"kO433daJsNlv\">\n<div data-brz-translate-text=\"1\">\n<h1 class=\"brz-ls-lg-2_2 brz-fw-lg-600 brz-fss-lg-px brz-fs-lg-52 brz-ft-upload brz-ff-phqinfjvefbiswodstpbjbbdpiwskflthdbp brz-tp-lg-empty brz-lh-lg-1_3 brz-tp-xs-heading1 brz-css-rwrD6\" data-generated-css=\"brz-css-aVnmN\" data-uniq-id=\"mmLW4\"><span class=\"brz-cp-color3 brz-capitalize-on\" style=\"text-shadow: rgba(102, 102, 102, 0) 0px 0px 0px; opacity: 1;\">HOST A PARTY IN YOUR OWN ROOM<\/span><\/h1>\n<\/div>\n<\/div>\n<\/div>\n<div id=\"\" class=\"brz-css-qinhh6 brz-css-wd6y89 brz-wrapper\">\n<div class=\"brz-rich-text brz-rich-text__custom brz-css-7eix92 brz-css-t1zm5a\" data-brz-custom-id=\"xLPis4XlI2Xk\">\n<div data-brz-translate-text=\"1\">\n<h4 class=\"brz-tp-lg-heading4 brz-lh-lg-1_5 brz-ls-lg-m_0_5 brz-fw-lg-700 brz-fss-lg-px brz-fs-lg-28 brz-ft-upload brz-ff-phqinfjvefbiswodstpbjbbdpiwskflthdbp brz-css-uKwxl\" data-uniq-id=\"jO4la\" data-generated-css=\"brz-css-uMLIS\"><strong class=\"brz-cp-color3\" style=\"opacity: 1; text-shadow: rgba(84, 98, 35, 0) 0px 0px 0px;\">3 courses and open bar &#8211; only DKK 397<\/strong><\/h4>\n<\/div>\n<\/div>\n<\/div>\n<div id=\"\" class=\"brz-css-qinhh6 brz-css-xch1kd brz-wrapper\">\n<div class=\"brz-rich-text brz-rich-text__custom brz-css-7eix92 brz-css-1tkv5cq\" data-brz-custom-id=\"agCCvyITAFYN\">\n<div data-brz-translate-text=\"1\">\n<p class=\"brz-fss-lg-px brz-fw-lg-400 brz-ls-lg-0 brz-lh-lg-1_9 brz-tp-lg-empty brz-ff-blxccztdrhinnjmuxoqwpitaibatxezjctsm brz-ft-upload brz-fs-lg-14 brz-css-t2Z4h\" data-uniq-id=\"nxaFH\" data-generated-css=\"brz-css-d3eg3\"><span class=\"brz-cp-color7\" style=\"opacity: 1;\">In Frederiksberg, we have a separate dining room where you and your guests can escape the hustle and bustle of the restaurant and enjoy your own room, bar, and waiter.<\/span><\/p>\n<p class=\"brz-fss-lg-px brz-fw-lg-400 brz-ls-lg-0 brz-lh-lg-1_9 brz-tp-lg-empty brz-ff-blxccztdrhinnjmuxoqwpitaibatxezjctsm brz-ft-upload brz-fs-lg-14 brz-css-mbIm7\" data-uniq-id=\"l8PbP\" data-generated-css=\"brz-css-vf4dJ\"><span class=\"brz-cp-color7\" style=\"opacity: 1;\"> <\/span><\/p>\n<p class=\"brz-fss-lg-px brz-fw-lg-400 brz-ls-lg-0 brz-lh-lg-1_9 brz-tp-lg-empty brz-ff-blxccztdrhinnjmuxoqwpitaibatxezjctsm brz-ft-upload brz-fs-lg-14 brz-mb-lg-0 brz-mt-lg-0 brz-css-wBmGL\" data-uniq-id=\"qUvS8\" data-generated-css=\"brz-css-jCC2w\"><span class=\"brz-cp-color7\" style=\"opacity: 1;\">Invite a minimum of 20 and up to 64 guests \u2013 the price is DKK 397 per person for 3 courses including unlimited drinks, water, and coffee.&nbsp;<\/span><\/p>\n<\/div>\n<\/div>\n<\/div>\n<div class=\"brz-wrapper-clone brz-flex-xs-wrap brz-css-h8irb6 brz-css-16upjmm\" data-brz-custom-id=\"qkvETgq5Mofq\"><a class=\"brz-a brz-btn brz-css-18274hd brz-css-afny2b brz-css-12shh6m brz-css-p85o3h\" href=\"https:\/\/restaurantbouillon.dkbanquet-room-in-frederiksberg\/\" target=\"_self\" rel=\"noopener\" data-brz-link-type=\"external\" data-brz-custom-id=\"wCMiS_X8LpYD\"><span data-brz-translate-text=\"1\" class=\"brz-span brz-text__editor\">READ MORE HERE<\/span><\/a><\/div>\n<div id=\"\" class=\"brz-css-qinhh6 brz-css-1acrklo brz-css-v65aov brz-wrapper\">\n<div class=\"brz-spacer brz-css-1f862ie brz-css-1hmpysf\"><\/div>\n<\/div>\n<\/div>\n<\/div>\n<div class=\"brz-columns brz-css-11wxxd4 brz-css-d7xlv7 billedramme\" data-brz-custom-id=\"t0ZZqZpYgBME\">\n<div class=\"brz-bg\">\n<div class=\"brz-bg-image\"><\/div>\n<div class=\"brz-bg-color\"><\/div>\n<\/div>\n<div class=\"brz-column__items brz-css-ieeisi brz-css-11r5hf6\">\n<div id=\"\" class=\"brz-css-qinhh6 brz-css-1acrklo brz-css-16uc0hl brz-wrapper\">\n<div class=\"brz-spacer brz-css-1f862ie brz-css-johk5a\"><\/div>\n<\/div>\n<\/div>\n<\/div>\n<\/div>\n<\/div>\n<\/div>\n<\/div>\n<\/section>\n<section id=\"zfeefexfzlarjlnfcocuiuxuvnyoxpxlqpyi_zfeefexfzlarjlnfcocuiuxuvnyoxpxlqpyi\" class=\"brz-section brz-css-1hfiwsw brz-css-pv7scp\">\n<div class=\"brz-section__content brz-section--boxed brz-css-v0tihz brz-css-12ic43r\" data-brz-custom-id=\"dxttcgcqvksoukvjrmiueapgcrimfggoluld\">\n<div class=\"brz-bg\">\n<div class=\"brz-bg-color\"><\/div>\n<\/div>\n<div class=\"brz-container brz-css-4fljdv brz-css-j08x2t\">\n<div id=\"\" class=\"brz-css-1t186fp brz-css-187ct6r brz-css-ir0ugb brz-wrapper\">\n<div class=\"brz-spacer brz-css-6ywi1e brz-css-1615cvv\"><\/div>\n<\/div>\n<\/div>\n<\/div>\n<\/section>\n<section id=\"lhbsrprdrdxerfffdnaezmcucxhrltkzsfhz_lhbsrprdrdxerfffdnaezmcucxhrltkzsfhz\" class=\"brz-section brz-css-1i6gox6 brz-css-1xqvywj\">\n<div class=\"brz-section__content brz-section--boxed brz-css-xdafr1 brz-css-gwox3t\" data-brz-custom-id=\"jztrhdwqmgduaiurttjvdozluydisqtsorym\">\n<div class=\"brz-bg\">\n<div class=\"brz-bg-color\"><\/div>\n<\/div>\n<div class=\"brz-container brz-css-1vlwyqu brz-css-3nrxdx\">\n<div class=\"brz-row__container brz-css-10ve2vh brz-css-psahag\" data-brz-custom-id=\"dywzochfjlxnqltrttljokhjpravpbxcphjp\">\n<div class=\"brz-row brz-css-vp8n93 brz-css-1c7umzc brz-css-pm30up\">\n<div class=\"brz-columns brz-css-4qcy7c brz-css-uv2in billedramme\" data-brz-custom-id=\"hqzfwlacpahemzftjngcnepwzhysfluzilax\">\n<div class=\"brz-bg\">\n<div class=\"brz-bg-image\"><\/div>\n<\/div>\n<div class=\"brz-column__items brz-css-8i9rh brz-css-1ewf1rq\">\n<div id=\"\" class=\"brz-css-1koeq0 brz-css-tu1i0w brz-css-65vtcx brz-wrapper\">\n<div class=\"brz-spacer brz-css-1xazwmp brz-css-klifty\"><\/div>\n<\/div>\n<\/div>\n<\/div>\n<div class=\"brz-columns brz-css-4qcy7c brz-css-1nyuliq\" data-brz-custom-id=\"twigwlqvpzewjzmahajxwzdpaehjwkhehhuw\">\n<div class=\"brz-bg\">\n<div class=\"brz-bg-color\"><\/div>\n<\/div>\n<div class=\"brz-column__items brz-css-8i9rh brz-css-16ai81f\">\n<div id=\"\" class=\"brz-css-1koeq0 brz-css-tu1i0w brz-css-1yygb0f brz-wrapper\">\n<div class=\"brz-spacer brz-css-1xazwmp brz-css-10nh4p2\"><\/div>\n<\/div>\n<div id=\"\" class=\"brz-css-1koeq0 brz-css-rxtwdm brz-wrapper\">\n<div class=\"brz-rich-text brz-rich-text__custom brz-css-1x72le0 brz-css-1utpjjd\" data-brz-custom-id=\"vmismilsylccwnktqzilbrwgluhzfmxjckuq\">\n<div data-brz-translate-text=\"1\">\n<h2 class=\"brz-tp-lg-heading2 brz-css-z7oRn\" data-generated-css=\"brz-css-qOD5U\" data-uniq-id=\"x6f_b\"><span style=\"color: rgba(var(--brz-global-color3),1);\" class=\"brz-cp-color3\">The menu is classically divided into starters, main courses and desserts \u2026<\/span><\/h2>\n<\/div>\n<\/div>\n<\/div>\n<div id=\"\" class=\"brz-css-1koeq0 brz-css-tu1i0w brz-css-1trcix5 brz-wrapper\">\n<div class=\"brz-spacer brz-css-1xazwmp brz-css-efawlg\"><\/div>\n<\/div>\n<div id=\"\" class=\"brz-css-1koeq0 brz-css-whski1 brz-wrapper\">\n<div class=\"brz-rich-text brz-rich-text__custom brz-css-1x72le0 brz-css-jkdk7k\" data-brz-custom-id=\"mctjomhmmqryxevfddbuwartxsknwsrcsggy\">\n<div data-brz-translate-text=\"1\">\n<p class=\"brz-tp-lg-paragraph brz-ff-phqinfjvefbiswodstpbjbbdpiwskflthdbp brz-ft-upload brz-fs-lg-16 brz-fss-lg-px brz-fw-lg-400 brz-ls-lg-0 brz-lh-lg-1_9 brz-css-mr_3r\" data-uniq-id=\"xF8_k\" data-generated-css=\"brz-css-zXLfP\"><span class=\"brz-cp-color7\" style=\"color: rgba(var(--brz-global-color7),1);\">&#8230; and features old favorites from French cuisine such as steak frites, onion soup, stir-fried tartare, duck confit, cr\u00e8me br\u00fbl\u00e9e and mousse au chocolat. There are also French cheeses on fine plates and classic grapes in the carafes.Take a seat in the French wicker chair and unfold your napkin. We&#8217;ll be right back with the pastis.<\/span><\/p>\n<\/div>\n<\/div>\n<\/div>\n<div id=\"\" class=\"brz-css-1koeq0 brz-css-182972m brz-wrapper\">\n<div class=\"brz-rich-text brz-rich-text__custom brz-css-1x72le0 brz-css-1988sq7\" data-brz-custom-id=\"vjfctnixtaxpdigcaapasszfsgugyiimtsvv\">\n<div data-brz-translate-text=\"1\">\n<p class=\"brz-lh-xs-1 brz-ls-xs-0 brz-fw-xs-400 brz-fss-xs-px brz-fss-lg-px brz-fw-lg-400 brz-ls-lg-0 brz-lh-lg-1 brz-tp-lg-empty brz-ff-vbmetbkyrsxhkodzyyxqhcaqbesspbbcfctw brz-ft-upload brz-fs-lg-88 brz-tp-sm-empty brz-fs-sm-88 brz-fss-sm-px brz-fw-sm-400 brz-ls-sm-0 brz-lh-sm-1 brz-tp-xs-empty brz-fs-xs-80 brz-css-sT7Gf\" data-uniq-id=\"hodcf\" data-generated-css=\"brz-css-byjid\"><span class=\"brz-cp-color3\" style=\"opacity: 1;\">bienvenue!<\/span><\/p>\n<\/div>\n<\/div>\n<\/div>\n<div id=\"\" class=\"brz-css-1koeq0 brz-css-tu1i0w brz-css-1cwm4v8 brz-wrapper\">\n<div class=\"brz-spacer brz-css-1xazwmp brz-css-pemlyp\"><\/div>\n<\/div>\n<\/div>\n<\/div>\n<\/div>\n<\/div>\n<\/div>\n<\/div>\n<\/section>\n<section id=\"todqcyakntfikojppqzhhpeyxogulwczsfrc_todqcyakntfikojppqzhhpeyxogulwczsfrc\" class=\"brz-section brz-css-ukha3h brz-css-rb11zk\">\n<div class=\"brz-section__content brz-section--boxed brz-css-1k2ttjz brz-css-1xjxd8s\" data-brz-custom-id=\"pvalhrkaunqiazgkkzgnhyrysdjdpxrsljjn\">\n<div class=\"brz-bg\">\n<div class=\"brz-bg-color\"><\/div>\n<\/div>\n<div class=\"brz-container brz-css-jw8lit brz-css-1obqjvp\"><\/div>\n<\/div>\n<\/section><\/div>\n<p><!-- version:1773651489 --><\/p>\n","protected":false},"excerpt":{"rendered":"<p>Bienvenue HOST A PARTY IN YOUR OWN ROOM 3 courses and open bar &#8211; only DKK 397 In Frederiksberg, we have a separate dining room where you and your guests can escape the hustle and bustle of the restaurant and enjoy your own room, bar, and waiter. Invite a minimum of 20 and up to [&hellip;]<\/p>\n","protected":false},"author":2,"featured_media":0,"parent":0,"menu_order":0,"comment_status":"closed","ping_status":"closed","template":"brizy-blank-template.php","meta":{"footnotes":""},"tags":[15],"class_list":["post-2277","page","type-page","status-publish","hentry","tag-engelsk"],"blocksy_meta":{"styles_descriptor":{"styles":{"desktop":"","tablet":"","mobile":""},"google_fonts":[],"version":6}},"brizy_media":[{"id":2198,"url":"https:\/\/restaurantbouillon.dk\/wp-content\/uploads\/2024\/02\/Bouillon_loegsuppe.jpeg","name":"Bouillon_loegsuppe.jpeg","meta":{"brizy_attachment_uid":"wp-094dda681ba9f6d45883ccbe11aa9480.jpeg","brizy_post_uid":["4c19e3be2f783f96a8aa549a65952490"]}},{"id":4714,"url":"https:\/\/restaurantbouillon.dk\/wp-content\/uploads\/2025\/08\/bouillon_17223-scaled.jpg","name":"bouillon_17223.jpg","meta":{"brizy_attachment_uid":"wp-efaf4b5d58fb6e776f277e562bfaa706.jpg","brizy_post_uid":["4c19e3be2f783f96a8aa549a65952490"]}}],"_links":{"self":[{"href":"https:\/\/restaurantbouillon.dk\/en\/wp-json\/wp\/v2\/pages\/2277","targetHints":{"allow":["GET"]}}],"collection":[{"href":"https:\/\/restaurantbouillon.dk\/en\/wp-json\/wp\/v2\/pages"}],"about":[{"href":"https:\/\/restaurantbouillon.dk\/en\/wp-json\/wp\/v2\/types\/page"}],"author":[{"embeddable":true,"href":"https:\/\/restaurantbouillon.dk\/en\/wp-json\/wp\/v2\/users\/2"}],"replies":[{"embeddable":true,"href":"https:\/\/restaurantbouillon.dk\/en\/wp-json\/wp\/v2\/comments?post=2277"}],"version-history":[{"count":15,"href":"https:\/\/restaurantbouillon.dk\/en\/wp-json\/wp\/v2\/pages\/2277\/revisions"}],"predecessor-version":[{"id":6483,"href":"https:\/\/restaurantbouillon.dk\/en\/wp-json\/wp\/v2\/pages\/2277\/revisions\/6483"}],"wp:attachment":[{"href":"https:\/\/restaurantbouillon.dk\/en\/wp-json\/wp\/v2\/media?parent=2277"}],"wp:term":[{"taxonomy":"post_tag","embeddable":true,"href":"https:\/\/restaurantbouillon.dk\/en\/wp-json\/wp\/v2\/tags?post=2277"}],"curies":[{"name":"wp","href":"https:\/\/api.w.org\/{rel}","templated":true}]}}